{"id":98,"date":"2015-09-07T18:56:26","date_gmt":"2015-09-07T16:56:26","guid":{"rendered":"http:\/\/www.rumpeln.de\/me\/wordpress\/?page_id=98"},"modified":"2025-04-27T14:21:22","modified_gmt":"2025-04-27T12:21:22","slug":"theater","status":"publish","type":"page","link":"http:\/\/www.rumpeln.de\/me\/wordpress\/?page_id=98","title":{"rendered":"Theater"},"content":{"rendered":"<p>Rohtheater (Collective with B\u00fclent Kullukcu, Dominik Obalski, sei 2013)<br \/>\n<a title=\"http:\/\/rohtheater.tumblr.com\/\" href=\"http:\/\/rohtheater.tumblr.com\/\">Rohtheater<\/a><\/p>\n<p>Video\/Sound<\/p>\n<div class=\"entry-content\">\n<p><strong>Offene Wunde<\/strong> Doku-Theaterst\u00fcck \u00fcber das Attentat am OEZ, Volkstheater M\u00fcnchen, 2025 (von Tunay \u00d6nder &amp; Christine Umpfenbach)<\/p>\n<p><strong>Hamlet<\/strong> \u2013 Stadttheater Ingolstadt, 2024 (Noise-Musiker. Regie: Christoph Mehler, Musikalische Leitung:\u00a0David\u00a0Rimsky-Korsakow)<\/p>\n<p><strong>Who is afraid of fuck you all?<\/strong> THE STORY OF KATHY ACKER \u2013 ETA Hoffmann Theater\u00a0, Bamber, 2023, (Musik. Regie: Paula Thielecke)<\/p>\n<p><strong>Ein Mensch wie ihr<\/strong> \u2013 Theater an der Ruhr\/ Ringlokschuppen\/ M\u00fclheimer Theatertage St\u00fccke, 2022 (Musik + Video. Regie: Christine Umpfenbach)<\/p>\n<p><strong>What keeps us alive?<\/strong> \u2013 Spielart Festival M\u00fcnchen, 2021 (Musik + Video. Regie: Christine Umpfenbach)<\/p>\n<p><strong>9\/26 \u2013 Das Oktoberfestattentat<\/strong> Rechercheprojekt<br \/>\nM\u00fcnchner Kammerspiele, 2020 (Musik + Video. Regie: Christine Umpfenbach)<\/p>\n<\/div>\n<div class=\"entry-utility\"><\/div>\n<p>2022 Ein Mensch wie Ihr -(M\u00fclheim an der Ruhr)<br \/>\n2020 9\/26 Das Oktoberfestattentat (M\u00fcnchner Kammerspiele Regie: Christine Umpfenbach)<br \/>\n2016-2018 Unlikely Creature 1+3\u00a0 (Billinger Und Schulz)<br \/>\n2016 Violent Event (Billinger Und Schulz)<br \/>\n2021 Monstertruck\u00a0 &#8211; Not Funny (Kammerspiele)<\/p>\n<p>Mircooper<\/p>\n<p>Video:<br \/>\n2019 Die Rote Republik (Regie: Christine Umpfenbach)<br \/>\n+ div Produktionen mit:<\/p>\n<p>div Produktionen mit Ammer und Console<\/p>\n<p>Sound<br \/>\nConan &#8211; (SKART)<br \/>\nMonstertruck<\/p>\n","protected":false},"excerpt":{"rendered":"<p>Rohtheater (Collective with B\u00fclent Kullukcu, Dominik Obalski, sei 2013) Rohtheater Video\/Sound Offene Wunde Doku-Theaterst\u00fcck \u00fcber das Attentat am OEZ, Volkstheater M\u00fcnchen, 2025 (von Tunay \u00d6nder &amp; Christine Umpfenbach) Hamlet \u2013 Stadttheater Ingolstadt, 2024 (Noise-Musiker. Regie: Christoph Mehler, Musikalische Leitung:\u00a0David\u00a0Rimsky-Korsakow) Who &hellip; <a href=\"http:\/\/www.rumpeln.de\/me\/wordpress\/?page_id=98\">Weiterlesen <span class=\"meta-nav\">&rarr;<\/span><\/a><\/p>\n","protected":false},"author":1,"featured_media":0,"parent":0,"menu_order":0,"comment_status":"closed","ping_status":"open","template":"","meta":[],"_links":{"self":[{"href":"http:\/\/www.rumpeln.de\/me\/wordpress\/index.php?rest_route=\/wp\/v2\/pages\/98"}],"collection":[{"href":"http:\/\/www.rumpeln.de\/me\/wordpress\/index.php?rest_route=\/wp\/v2\/pages"}],"about":[{"href":"http:\/\/www.rumpeln.de\/me\/wordpress\/index.php?rest_route=\/wp\/v2\/types\/page"}],"author":[{"embeddable":true,"href":"http:\/\/www.rumpeln.de\/me\/wordpress\/index.php?rest_route=\/wp\/v2\/users\/1"}],"replies":[{"embeddable":true,"href":"http:\/\/www.rumpeln.de\/me\/wordpress\/index.php?rest_route=%2Fwp%2Fv2%2Fcomments&post=98"}],"version-history":[{"count":6,"href":"http:\/\/www.rumpeln.de\/me\/wordpress\/index.php?rest_route=\/wp\/v2\/pages\/98\/revisions"}],"predecessor-version":[{"id":212,"href":"http:\/\/www.rumpeln.de\/me\/wordpress\/index.php?rest_route=\/wp\/v2\/pages\/98\/revisions\/212"}],"wp:attachment":[{"href":"http:\/\/www.rumpeln.de\/me\/wordpress\/index.php?rest_route=%2Fwp%2Fv2%2Fmedia&parent=98"}],"curies":[{"name":"wp","href":"https:\/\/api.w.org\/{rel}","templated":true}]}}